{"id":5,"date":"2017-01-02T08:28:52","date_gmt":"2017-01-02T08:28:52","guid":{"rendered":"https:\/\/demo.themegrill.com\/flash-default-2\/?page_id=5"},"modified":"2024-03-12T20:16:22","modified_gmt":"2024-03-12T19:16:22","slug":"home","status":"publish","type":"page","link":"https:\/\/transturin.com\/es\/","title":{"rendered":"Home"},"content":{"rendered":"<div id=\"pl-gb5-69ea2d7fe4913\"  class=\"panel-layout\" ><div id=\"pg-gb5-69ea2d7fe4913-0\"  class=\"panel-grid panel-no-style\" ><div id=\"pgc-gb5-69ea2d7fe4913-0-0\"  class=\"panel-grid-cell\" ><div id=\"panel-gb5-69ea2d7fe4913-0-0-0\" class=\"so-panel widget widget_themegrill_flash_heading tg-widget section-title-wrapper panel-first-child panel-last-child\" data-index=\"0\" >\t<h3 class=\"section-title\">Bolivia<\/h3>\n<\/div><\/div><\/div><div id=\"pg-gb5-69ea2d7fe4913-1\"  class=\"panel-grid panel-no-style\" ><div id=\"pgc-gb5-69ea2d7fe4913-1-0\"  class=\"panel-grid-cell\" ><div id=\"panel-gb5-69ea2d7fe4913-1-0-0\" class=\"so-panel widget widget_nivo_slider_widget panel-first-child panel-last-child\" data-index=\"1\" ><div class=\"slider-wrapper theme-default\"><div class=\"ribbon\"><\/div><div id=\"nivoslider-CIxKt-3486\" class=\"nivoSlider\"><img decoding=\"async\" src=\"https:\/\/transturin.com\/wp-content\/uploads\/2020\/12\/Bolivia-4-1.jpg\" alt=\"\" \/><img decoding=\"async\" src=\"https:\/\/transturin.com\/wp-content\/uploads\/2020\/12\/Bolivia-1.jpg\" alt=\"\" \/><img decoding=\"async\" src=\"https:\/\/transturin.com\/wp-content\/uploads\/2020\/12\/Bolivia-2.jpg\" alt=\"\" \/><img decoding=\"async\" src=\"https:\/\/transturin.com\/wp-content\/uploads\/2020\/12\/Bolivia-3.jpg\" alt=\"\" \/><\/div><\/div><script type=\"text\/javascript\">\nwindow.onload = function(){\n    jQuery(\"#nivoslider-CIxKt-3486\").nivoSlider({\n        effect:\"fade\",\n        slices:15,\n        boxCols:8,\n        boxRows:4,\n        animSpeed:500,\n        pauseTime:3000,\n        startSlide:0,\n        directionNav:true,\n        controlNav:true,\n        controlNavThumbs:false,\n        pauseOnHover:true,\n        manualAdvance:false\n    });\n};\n<\/script>\n<\/div><\/div><div id=\"pgc-gb5-69ea2d7fe4913-1-1\"  class=\"panel-grid-cell\" ><div id=\"panel-gb5-69ea2d7fe4913-1-1-0\" class=\"so-panel widget widget_text panel-first-child panel-last-child\" data-index=\"2\" >\t\t\t<div class=\"textwidget\"><p>Bolivia es uno de los pocos pa\u00edses en el mundo donde la etnograf\u00eda y la ecolog\u00eda son preservadas en su estado original y muy cercano a su condici\u00f3n original.<\/p>\n<p>Bolivia tambi\u00e9n es \u00fanica, misteriosa y colorida, y sin embargo permanece en su mayor parte sin ser descubierta por los turistas. Este pa\u00eds bizarro, culturalmente diverso, geogr\u00e1ficamente excepcional y sorprendente de muchas maneras, es el destino ideal para una aut\u00e9ntica experiencia cultural en las Am\u00e9ricas.<\/p>\n<p>La mezcla \u00fanica de culturas y climas se deben en parte a su aislamiento del resto del mundo, debido a su mediterraneidad y bajos niveles de inmigraci\u00f3n. Por tanto, las religiones ind\u00edgenas, vestimenta, danzas, m\u00fasica, y medicina originaria de Bolivia, permanecen intactas, sin haber sido afectadas por el paso del tiempo y son una parte integral de la vida diaria.<\/p>\n<p>Bolivia son dos pa\u00edses que hacen uno solo, la parte Occidental con gran altitud y la parte Oriental con el \u00e1rea tropical. El contraste entre ambos extremos no podr\u00eda ser m\u00e1s extremo, tanto en la mentalidad como en el estilo de vida.<\/p>\n<p>Como tierra de incre\u00edbles contrastes, Bolivia es el hogar de una incre\u00edble variedad de paisajes y vistas maravillosas; desde los altos picos de las altas monta\u00f1as de los Andes, cubiertas de nieve, hasta los amplios desiertos, salares espectaculares, valles exuberantes, selvas tropicales y antiguos tesoros hist\u00f3ricos.<\/p>\n<p>El pa\u00eds donde McDonald fracas\u00f3, donde los espa\u00f1oles dejaron una herencia de su conquista colonial y donde las culturas antiguas a\u00fan persisten viviendo hombro con hombro con la influencia de la modernidad. Es este choque de culturas que hace a Bolivia un pa\u00eds aut\u00e9ntico, \u00fanico e interesante como destino tur\u00edstico.<\/p>\n<\/div>\n\t\t<\/div><\/div><\/div><div id=\"pg-gb5-69ea2d7fe4913-2\"  class=\"panel-grid panel-no-style\" ><div id=\"pgc-gb5-69ea2d7fe4913-2-0\"  class=\"panel-grid-cell\" ><div id=\"panel-gb5-69ea2d7fe4913-2-0-0\" class=\"so-panel widget widget_themegrill_flash_heading tg-widget section-title-wrapper panel-first-child panel-last-child\" data-index=\"3\" >\t<h3 class=\"section-title\">Transturin<\/h3>\n<\/div><\/div><\/div><div id=\"pg-gb5-69ea2d7fe4913-3\"  class=\"panel-grid panel-no-style\" ><div id=\"pgc-gb5-69ea2d7fe4913-3-0\"  class=\"panel-grid-cell\" ><div id=\"panel-gb5-69ea2d7fe4913-3-0-0\" class=\"so-panel widget widget_text panel-first-child panel-last-child\" data-index=\"4\" >\t\t\t<div class=\"textwidget\"><p>Juan Luzio Grandchant, quien estableci\u00f3 el primer servicio tur\u00edstico directo entre Cusco y La Paz, fund\u00f3 Transturin. Luego empez\u00f3 a dise\u00f1ar y construir cruceros de turismo a bordo de naves en el lago Titicaca. Su presencia y creatividad hizo que este visionario logre lo que actualmente tiene mayor demanda tur\u00edstica en Bolivia, las naves de Cruceros Catamaranes en el lago Titicaca.<\/p>\n<p>Desde su inicio ha sido propiedad familiar. Dos generaciones est\u00e1n actualmente a cargo de las mejores operaciones tur\u00edsticas en Bolivia, lo cual proporciona una calidad de servicio que cubre el 30% de los paseos tur\u00edsticos que se realizan en Bolivia.<\/p>\n<h4>MISION<\/h4>\n<p>Turismo Responsable: Proveer los mejores productos y servicios tur\u00edsticos, respetando las culturas y la naturaleza.<\/p>\n<h4>VISION<\/h4>\n<p><strong>Externamente:<\/strong> Ser la mejor opci\u00f3n DMC en Bolivia, bas\u00e1ndose en la calidad, confiabilidad e innovaci\u00f3n.<br \/>\n<strong>Internamente:<\/strong> Generar empleo en las comunidades ind\u00edgenas mediante el fortalecimiento y conocimiento de los recursos de protecci\u00f3n y contribuyendo a la noci\u00f3n del turismo sostenible a trav\u00e9s del turismo. Esta tendencia al aumento de demanda fue iniciada e implementada por nosotros en el lado boliviano del lago Titicaca hace 20 a\u00f1os atr\u00e1s, proporcionando a los visitantes la oportunidad de interactuar con comunidades ind\u00edgenas aisladas<\/p>\n<\/div>\n\t\t<\/div><\/div><div id=\"pgc-gb5-69ea2d7fe4913-3-1\"  class=\"panel-grid-cell\" ><div id=\"panel-gb5-69ea2d7fe4913-3-1-0\" class=\"so-panel widget widget_themegrill_flash_image tg-widget tg-image-widget panel-first-child panel-last-child\" data-index=\"5\" >\t<img decoding=\"async\" src=\"http:\/\/www.transturin.com\/wp-content\/uploads\/2020\/12\/transturin3.jpg\" \/>\n<\/div><\/div><\/div><div id=\"pg-gb5-69ea2d7fe4913-4\"  class=\"panel-grid panel-no-style\" ><div id=\"pgc-gb5-69ea2d7fe4913-4-0\"  class=\"panel-grid-cell\" ><div id=\"panel-gb5-69ea2d7fe4913-4-0-0\" class=\"so-panel widget widget_themegrill_flash_heading tg-widget section-title-wrapper panel-first-child panel-last-child\" data-index=\"6\" >\t<h3 class=\"section-title\">Oferta Exclusiva<\/h3>\n<\/div><\/div><\/div><div id=\"pg-gb5-69ea2d7fe4913-5\"  class=\"panel-grid panel-no-style\" ><div id=\"pgc-gb5-69ea2d7fe4913-5-0\"  class=\"panel-grid-cell\" ><div id=\"panel-gb5-69ea2d7fe4913-5-0-0\" class=\"so-panel widget widget_themegrill_flash_image tg-widget tg-image-widget panel-first-child\" data-index=\"7\" >\t<img decoding=\"async\" src=\"http:\/\/www.transturin.com\/wp-content\/uploads\/2020\/12\/titi1.jpg\" \/>\n<\/div><div id=\"panel-gb5-69ea2d7fe4913-5-0-1\" class=\"so-panel widget widget_themegrill_flash_image tg-widget tg-image-widget\" data-index=\"8\" >\t<img decoding=\"async\" src=\"http:\/\/www.transturin.com\/wp-content\/uploads\/2020\/12\/titi2-1.jpg\" \/>\n<\/div><div id=\"panel-gb5-69ea2d7fe4913-5-0-2\" class=\"so-panel widget widget_themegrill_flash_image tg-widget tg-image-widget\" data-index=\"9\" >\t<img decoding=\"async\" src=\"http:\/\/www.transturin.com\/wp-content\/uploads\/2020\/12\/titi5.jpg\" \/>\n<\/div><div id=\"panel-gb5-69ea2d7fe4913-5-0-3\" class=\"so-panel widget widget_themegrill_flash_image tg-widget tg-image-widget panel-last-child\" data-index=\"10\" >\t<img decoding=\"async\" src=\"http:\/\/www.transturin.com\/wp-content\/uploads\/2020\/12\/titi6-1.jpg\" \/>\n<\/div><\/div><div id=\"pgc-gb5-69ea2d7fe4913-5-1\"  class=\"panel-grid-cell\" ><div id=\"panel-gb5-69ea2d7fe4913-5-1-0\" class=\"so-panel widget widget_text panel-first-child panel-last-child\" data-index=\"11\" >\t\t\t<div class=\"textwidget\"><h4 style=\"margin: 10px 0;\">Lago Titicaca<\/h4>\n<h5>Peru \u2013 Bolivia<\/h5>\n<h6>Community Program<\/h6>\n<p>Somos pioneros en Bolivia en Turismo Comunitario. Este programa es \u00fanico y exclusivo. Se enfoca en dar a los visitantes la oportunidad de interactuar directamente con comunidades ind\u00edgenas aisladas y proveyendo directamente una porci\u00f3n de los beneficios econ\u00f3micos de este programa a la comunidad.<\/p>\n<div class=\"text-center\">\n<p><label class=\"text-primary\">Puno &#8211; La Paz o viceversa <\/label><\/p>\n<p><label class=\"text-primary\">2 D\u00cdAS \/ 1 NOCHE<\/label><\/p>\n<p>Puno \u2013 Isla de los Urus \u2013 Santuario de Copacabana \u2013 Isla del Sol \u2013 Programa de Turismo Comunitario \u2013 Complejo Cultural Inti Wata \u2013 La Paz<\/p>\n<p><label class=\"text-primary\">Puno &#8211; Puno <\/label><\/p>\n<p><label class=\"text-primary\">2 D\u00cdAS \/ 1 NOCHE<\/label><\/p>\n<p>Puno \u2013 Isla de los Urus \u2013 Santuario de Copacabana \u2013 Isla del Sol \u2013 Programa de Turismo Comunitario &#8211; Complejo Cultural Inti Wata \u2013 Puno<\/p>\n<p><label class=\"text-primary\">La Paz &#8211; La Paz <\/label><\/p>\n<p><label class=\"text-primary\">2 D\u00cdAS \/ 1 NOCHE<\/label><\/p>\n<p>La Paz \u2013 Isla del Sol \u2013 Programa de Turismo Comunitario \u2013 Complejo Cultural Inti Wata \u2013 Santuario de Copacabana \u2013 La Paz<\/p>\n<\/div>\n<h6>Scenery Program<\/h6>\n<p>El itinerario tur\u00edstico m\u00e1s demandado en el segmento de turismo organizado que visita el Titicaca. En un d\u00eda el itinerario posibilita recorrer los principales atractivos tur\u00edsticos del lago: islas, santuarios, complejos culturales, entre otros. De lejos este es el itinerario ideal para conectar y combinar Per\u00fa con Bolivia.<\/p>\n<div class=\"text-center\">\n<p><label class=\"text-primary\">Puno &#8211; La Paz o viceversa<\/label><\/p>\n<p><label class=\"text-primary\">D\u00cdA ENTERO<\/label><\/p>\n<p>Puno \u2013 Isla de los Urus \u2013 Santuario de Copacabana \u2013 Isla del Sol \u2013 Complejo Cultural Inti Wata \u2013 La Paz<\/p>\n<p><label class=\"text-primary\">Puno &#8211; Puno <\/label><\/p>\n<p><label class=\"text-primary\">D\u00cdA ENTERO<\/label><\/p>\n<p>Puno \u2013 Isla de los Urus \u2013 Santuario de Copacabana \u2013 Isla del Sol \u2013 Complejo Cultural Inti Wata \u2013 Puno<\/p>\n<p><label class=\"text-primary\">La Paz &#8211; La Paz <\/label><\/p>\n<p><label class=\"text-primary\">D\u00cdA ENTERO<\/label><\/p>\n<p>La Paz \u2013 Isla del Sol \u2013 Complejo Cultural Inti Wata \u2013 Santuario de Copacabana \u2013 La Paz<\/p>\n<\/div>\n<\/div>\n\t\t<\/div><\/div><\/div><div id=\"pg-gb5-69ea2d7fe4913-6\"  class=\"panel-grid panel-no-style\" ><div id=\"pgc-gb5-69ea2d7fe4913-6-0\"  class=\"panel-grid-cell\" ><div id=\"panel-gb5-69ea2d7fe4913-6-0-0\" class=\"so-panel widget widget_themegrill_flash_image tg-widget tg-image-widget panel-first-child\" data-index=\"12\" >\t<img decoding=\"async\" src=\"http:\/\/www.transturin.com\/wp-content\/uploads\/2020\/12\/titi7.jpg\" \/>\n<\/div><div id=\"panel-gb5-69ea2d7fe4913-6-0-1\" class=\"so-panel widget widget_themegrill_flash_image tg-widget tg-image-widget\" data-index=\"13\" >\t<img decoding=\"async\" src=\"http:\/\/www.transturin.com\/wp-content\/uploads\/2020\/12\/uyuni11.jpg\" \/>\n<\/div><div id=\"panel-gb5-69ea2d7fe4913-6-0-2\" class=\"so-panel widget widget_themegrill_flash_image tg-widget tg-image-widget panel-last-child\" data-index=\"14\" >\t<img decoding=\"async\" src=\"http:\/\/www.transturin.com\/wp-content\/uploads\/2020\/12\/uyuni16.jpg\" \/>\n<\/div><\/div><div id=\"pgc-gb5-69ea2d7fe4913-6-1\"  class=\"panel-grid-cell\" ><div id=\"panel-gb5-69ea2d7fe4913-6-1-0\" class=\"so-panel widget widget_text panel-first-child panel-last-child\" data-index=\"15\" >\t\t\t<div class=\"textwidget\"><h4>Salar de Uyuni<\/h4>\n<h5>Chile &#8211; Per\u00fa &#8211; Bolivia<\/h5>\n<p>La \u00fanica operadora receptiva de Bolivia con propio personal en la poblaci\u00f3n de Uyuni; programando, ejecutando y supervisando directamente todos nuestros servicios en el Salar y la Reserva Eduardo Abaroa.<br \/>\nBudget Upgrade\u00ae; categor\u00eda operativa exclusiva para clientes de presupuesto reducido.<br \/>\nFlash Transfer\u00ae; itinerarios exclusivos de Transturin para conectar con San Pedro de Atacama.<br \/>\nPer\u00fa &amp; Uyuni; extensiones exclusivas desde Cusco y Puno integrando nuestros cruceros Catamar\u00e1n en el Titicaca con el Salar de Uyuni.<\/p>\n<div class=\"text-center\">\n<h6>Semi Circular Basic<\/h6>\n<p><label class=\"text-primary text-center\">TITICACA \/ UYUNI 2 D\u00cdAS <\/label><br \/>\nInicia en Puno<br \/>\nFinaliza en Cusco\n<\/div>\n<p><strong>D1:<\/strong> Titicaca Catamaran Puno &#8211; La Paz \/ La Paz &#8211; Uyuni (Z8 u OB)<br \/>\n<strong>D2:<\/strong> Uyuni Full Day + Sunset<br \/>\n<strong>D3:<\/strong> Uyuni &#8211; La Paz (Z8 u OB) \/ La Paz &#8211; Cusco (LA)<\/p>\n<div class=\"text-center\">\n<h6>Semi Circular Complete<\/h6>\n<p><label class=\"text-primary\">LA PAZ \/ TITICACA \/ UYUNI 3 D\u00cdAS <\/label><br \/>\nInicia en Cusco<br \/>\nFinaliza en Puno\n<\/div>\n<p><strong>D1:<\/strong> Cusco &#8211; La Paz (LA) \/ La Paz City Tour \/La Paz &#8211; Uyuni (Z8 or OB)<br \/>\n<strong>D2:<\/strong> Uyuni Full Day \/ Uyuni &#8211; La Paz (Z8 or OB)<br \/>\n<strong>D3:<\/strong> Titicaca Catamaran La Paz &#8211; Puno<\/p>\n<div class=\"text-center\">\n<h6>Circular Complete<\/h6>\n<p><label class=\"text-primary\">LA PAZ \/ TITICACA \/ UYUNI 4 D\u00cdAS <\/label><br \/>\nInicia en Cusco<br \/>\nFinaliza en Cusco\n<\/div>\n<p><strong>D1:<\/strong> Cusco &#8211; La Paz (LA) \/ City Tour La Paz<br \/>\n<strong>D2:<\/strong> Titicaca Catamaran Full Day \/ La Paz &#8211; Uyuni (Z8 or OB)<br \/>\n<strong>D3:<\/strong> Uyuni Full Day + Sunset<br \/>\n<strong>D4:<\/strong> Uyuni &#8211; La Paz (Z8 or OB) \/ La Paz Cusco (LA)<\/p>\n<\/div>\n\t\t<\/div><\/div><\/div><div id=\"pg-gb5-69ea2d7fe4913-7\"  class=\"panel-grid panel-no-style\" ><div id=\"pgc-gb5-69ea2d7fe4913-7-0\"  class=\"panel-grid-cell\" ><div id=\"panel-gb5-69ea2d7fe4913-7-0-0\" class=\"so-panel widget panel-first-child panel-last-child\" data-index=\"16\" ><\/div><\/div><\/div><\/div>","protected":false},"excerpt":{"rendered":"<p>Bolivia es uno de los pocos pa\u00edses en el mundo donde la etnograf\u00eda y la ecolog\u00eda son preservadas en su [&hellip;]<\/p>\n","protected":false},"author":1,"featured_media":0,"parent":0,"menu_order":0,"comment_status":"closed","ping_status":"closed","template":"page-templates\/pagebuilder.php","meta":{"footnotes":""},"class_list":["post-5","page","type-page","status-publish","hentry"],"aioseo_notices":[],"_links":{"self":[{"href":"https:\/\/transturin.com\/es\/wp-json\/wp\/v2\/pages\/5","targetHints":{"allow":["GET"]}}],"collection":[{"href":"https:\/\/transturin.com\/es\/wp-json\/wp\/v2\/pages"}],"about":[{"href":"https:\/\/transturin.com\/es\/wp-json\/wp\/v2\/types\/page"}],"author":[{"embeddable":true,"href":"https:\/\/transturin.com\/es\/wp-json\/wp\/v2\/users\/1"}],"replies":[{"embeddable":true,"href":"https:\/\/transturin.com\/es\/wp-json\/wp\/v2\/comments?post=5"}],"version-history":[{"count":0,"href":"https:\/\/transturin.com\/es\/wp-json\/wp\/v2\/pages\/5\/revisions"}],"wp:attachment":[{"href":"https:\/\/transturin.com\/es\/wp-json\/wp\/v2\/media?parent=5"}],"curies":[{"name":"wp","href":"https:\/\/api.w.org\/{rel}","templated":true}]}}